{"id":22,"date":"2020-02-06T10:27:56","date_gmt":"2020-02-06T08:27:56","guid":{"rendered":"http:\/\/ares-es.com\/web\/?page_id=22"},"modified":"2025-09-23T12:41:59","modified_gmt":"2025-09-23T10:41:59","slug":"conocenos","status":"publish","type":"page","link":"https:\/\/ares-es.com\/","title":{"rendered":"Con\u00f3cenos"},"content":{"rendered":"\n\n\n\n\n<p class=\"has-medium-font-size\">En Ares Inform\u00e1tica y Dise\u00f1o nos dedicamos a la <strong>fabricaci\u00f3n y montaje de equipos inform\u00e1ticos. <\/strong><br>Ensamblaje de materiales inform\u00e1ticos y <strong>producci\u00f3n de la piezas met\u00e1licas<\/strong>, gracias a nuestras <strong>m\u00e1quinas de corte por l\u00e1ser del me<\/strong><em><strong>tal,<\/strong><\/em> adaptandolas a las necesidades de cada producto y de cada cliente. <\/p>\n\n\n\n<p>Dedicados desde hace m\u00e1s de cuatro a\u00f1os al montaje y fabricaci\u00f3n de <strong>m\u00e1quinas de bingo electr\u00f3nico para el juego<\/strong> en salas de bingo y salas de apuestas. <\/p>\n\n\n\n<p>Este a\u00f1o crecemos con la implantaci\u00f3n de maquinaria de \u00faltima generaci\u00f3n en <strong>Corte de chapa met\u00e1lica por l\u00e1ser y plegado de chapa<\/strong>. <\/p>\n\n\n\n<figure class=\"wp-block-image size-full\"><a href=\"http:\/\/www.metale.es\"><img loading=\"lazy\" width=\"1100\" height=\"75\" src=\"https:\/\/ares-es.com\/wp-content\/uploads\/2020\/10\/metale-corte-laser.jpg\" alt=\"\" class=\"wp-image-374\" srcset=\"https:\/\/ares-es.com\/wp-content\/uploads\/2020\/10\/metale-corte-laser.jpg 1100w, https:\/\/ares-es.com\/wp-content\/uploads\/2020\/10\/metale-corte-laser-300x20.jpg 300w, https:\/\/ares-es.com\/wp-content\/uploads\/2020\/10\/metale-corte-laser-1024x70.jpg 1024w, https:\/\/ares-es.com\/wp-content\/uploads\/2020\/10\/metale-corte-laser-768x52.jpg 768w\" sizes=\"(max-width: 1100px) 100vw, 1100px\" \/><\/a><\/figure>\n\n\n\n<figure class=\"wp-block-image size-full\"><img loading=\"lazy\" width=\"1100\" height=\"300\" src=\"https:\/\/ares-es.com\/wp-content\/uploads\/2020\/10\/LASERPRIMA.jpg\" alt=\"\" class=\"wp-image-369\" srcset=\"https:\/\/ares-es.com\/wp-content\/uploads\/2020\/10\/LASERPRIMA.jpg 1100w, https:\/\/ares-es.com\/wp-content\/uploads\/2020\/10\/LASERPRIMA-300x82.jpg 300w, https:\/\/ares-es.com\/wp-content\/uploads\/2020\/10\/LASERPRIMA-1024x279.jpg 1024w, https:\/\/ares-es.com\/wp-content\/uploads\/2020\/10\/LASERPRIMA-768x209.jpg 768w\" sizes=\"(max-width: 1100px) 100vw, 1100px\" \/><\/figure>\n\n\n\n<hr class=\"wp-block-separator\"\/>\n\n\n\n<hr class=\"wp-block-separator is-style-wide\"\/>\n\n\n\n<div class=\"wp-block-columns\">\n<div class=\"wp-block-column\" style=\"flex-basis:50%\">\n<p><\/p>\n<\/div>\n\n\n\n<div class=\"wp-block-column\" style=\"flex-basis:50%\"><\/div>\n<\/div>\n\n\n\n<p style=\"font-size:10px\"><strong>ARES INFORMATICA Y DISE\u00d1O, S.L.<\/strong> ha recibido el apoyo de un proyecto de inversiones productivas por parte de la CONSELLERIA DE INNOVACI\u00d3N, INDUSTRIA, COMERCIO Y TURISMO dentro de la convocatoria \u201c<em>Ayudas para apoyar las inversiones productivas realizadas por las PYMES de diversos sectores industriales de la Comunitat Valenciana para el ejercicio 2025 (INPYME)\u201d<\/em> con n\u00famero de expediente <strong>INPYME\/2025\/1080<\/strong>.<\/p>\n\n\n\n<p style=\"font-size:10px\">ARES ha llevado a cabo un proyecto de inversi\u00f3n orientado a reforzar su capacidad productiva en la fabricaci\u00f3n de terminales electr\u00f3nicos para el bingo. La actuaci\u00f3n se ha centrado principalmente en la incorporaci\u00f3n de nueva maquinaria para los procesos de plegado y corte de chapa.<\/p>\n\n\n\n<p style=\"font-size:10px\">La subvenci\u00f3n concedida a este proyecto por la CONSELLERIA DE INNOVACI\u00d3N, INDUSTRIA, COMERCIO Y TURISMO asciende a <strong>26.736,53 \u20ac<\/strong>.<\/p>\n\n\n\n<figure class=\"wp-block-image size-full is-resized\"><img loading=\"lazy\" src=\"https:\/\/ares-es.com\/wp-content\/uploads\/2025\/09\/generalitat-1.jpg\" alt=\"\" class=\"wp-image-449\" width=\"227\" height=\"126\" srcset=\"https:\/\/ares-es.com\/wp-content\/uploads\/2025\/09\/generalitat-1.jpg 454w, https:\/\/ares-es.com\/wp-content\/uploads\/2025\/09\/generalitat-1-300x166.jpg 300w\" sizes=\"(max-width: 227px) 100vw, 227px\" \/><\/figure>\n\n\n\n<p><\/p>\n","protected":false},"excerpt":{"rendered":"<p>En Ares Inform\u00e1tica y Dise\u00f1o nos dedicamos a la fabricaci\u00f3n y montaje de equipos inform\u00e1ticos. Ensamblaje de materiales inform\u00e1ticos y producci\u00f3n de la piezas met\u00e1licas, gracias a nuestras m\u00e1quinas de corte por l\u00e1ser del metal, adaptandolas a las necesidades de cada producto y de cada cliente. Dedicados desde hace m\u00e1s de cuatro a\u00f1os al montaje &#8230; <a title=\"Con\u00f3cenos\" class=\"read-more\" href=\"https:\/\/ares-es.com\/\" aria-label=\"M\u00e1s en Con\u00f3cenos\">Leer m\u00e1s<\/a><\/p>\n","protected":false},"author":1,"featured_media":0,"parent":0,"menu_order":0,"comment_status":"closed","ping_status":"closed","template":"","meta":[],"_links":{"self":[{"href":"https:\/\/ares-es.com\/index.php?rest_route=\/wp\/v2\/pages\/22"}],"collection":[{"href":"https:\/\/ares-es.com\/index.php?rest_route=\/wp\/v2\/pages"}],"about":[{"href":"https:\/\/ares-es.com\/index.php?rest_route=\/wp\/v2\/types\/page"}],"author":[{"embeddable":true,"href":"https:\/\/ares-es.com\/index.php?rest_route=\/wp\/v2\/users\/1"}],"replies":[{"embeddable":true,"href":"https:\/\/ares-es.com\/index.php?rest_route=%2Fwp%2Fv2%2Fcomments&post=22"}],"version-history":[{"count":22,"href":"https:\/\/ares-es.com\/index.php?rest_route=\/wp\/v2\/pages\/22\/revisions"}],"predecessor-version":[{"id":450,"href":"https:\/\/ares-es.com\/index.php?rest_route=\/wp\/v2\/pages\/22\/revisions\/450"}],"wp:attachment":[{"href":"https:\/\/ares-es.com\/index.php?rest_route=%2Fwp%2Fv2%2Fmedia&parent=22"}],"curies":[{"name":"wp","href":"https:\/\/api.w.org\/{rel}","templated":true}]}}