{"id":178,"date":"2020-02-13T14:00:59","date_gmt":"2020-02-13T12:00:59","guid":{"rendered":"http:\/\/ares-es.com\/web\/?page_id=178"},"modified":"2020-02-14T10:25:36","modified_gmt":"2020-02-14T08:25:36","slug":"contacto","status":"publish","type":"page","link":"https:\/\/ares-es.com\/?page_id=178","title":{"rendered":"Contacto"},"content":{"rendered":"\n<p> Estamos a tu disposici\u00f3n para hacer un presupuesto a tu medida que  cumpla todas tus necesidades.<br> No dudes en llamarnos. Te esperamos. <\/p>\n\n\n\n<p><\/p>\n\n\n\n<p><\/p>\n\n\n\n<iframe loading=\"lazy\" src=\"https:\/\/www.google.com\/maps\/embed?pb=!1m18!1m12!1m3!1d3080.6984013061456!2d-0.4710626842287563!3d39.45354827948864!2m3!1f0!2f0!3f0!3m2!1i1024!2i768!4f13.1!3m3!1m2!1s0xd6051cc4a45afcd%3A0x9ca7059aa189de4f!2sAres%20Inform%C3%A1tica%20y%20Dise%C3%B1o%20S.L.!5e0!3m2!1ses!2ses!4v1581607759515!5m2!1ses!2ses\" style=\"border:0;\" allowfullscreen=\"\" width=\"400\" height=\"300\" frameborder=\"0\"><\/iframe>\n\n\n\n<p><img loading=\"lazy\" width=\"512\" height=\"512\" class=\"wp-image-228\" style=\"width: 15px;\" src=\"http:\/\/ares-es.com\/web\/wp-content\/uploads\/2020\/02\/punto-relleno-de-marcador-de-posicion1.png\" alt=\"\" srcset=\"https:\/\/ares-es.com\/wp-content\/uploads\/2020\/02\/punto-relleno-de-marcador-de-posicion1.png 512w, https:\/\/ares-es.com\/wp-content\/uploads\/2020\/02\/punto-relleno-de-marcador-de-posicion1-150x150.png 150w, https:\/\/ares-es.com\/wp-content\/uploads\/2020\/02\/punto-relleno-de-marcador-de-posicion1-300x300.png 300w\" sizes=\"(max-width: 512px) 100vw, 512px\" \/> <strong>Direcci\u00f3n: <\/strong><br>     Calle Artesanos, 30 bajo<br>     46970 &#8211; Alaqu\u00e1s &#8211; Valencia<br><img loading=\"lazy\" width=\"512\" height=\"512\" class=\"wp-image-229\" style=\"width: 15px;\" src=\"http:\/\/ares-es.com\/web\/wp-content\/uploads\/2020\/02\/llamar.png\" alt=\"\" srcset=\"https:\/\/ares-es.com\/wp-content\/uploads\/2020\/02\/llamar.png 512w, https:\/\/ares-es.com\/wp-content\/uploads\/2020\/02\/llamar-150x150.png 150w, https:\/\/ares-es.com\/wp-content\/uploads\/2020\/02\/llamar-300x300.png 300w\" sizes=\"(max-width: 512px) 100vw, 512px\" \/>  <strong>Telef\u00f3no:<\/strong> 600547361 \/ 600648091<br> <img loading=\"lazy\" width=\"512\" height=\"512\" class=\"wp-image-230\" style=\"width: 15px;\" src=\"http:\/\/ares-es.com\/web\/wp-content\/uploads\/2020\/02\/correo.png\" alt=\"\" srcset=\"https:\/\/ares-es.com\/wp-content\/uploads\/2020\/02\/correo.png 512w, https:\/\/ares-es.com\/wp-content\/uploads\/2020\/02\/correo-150x150.png 150w, https:\/\/ares-es.com\/wp-content\/uploads\/2020\/02\/correo-300x300.png 300w\" sizes=\"(max-width: 512px) 100vw, 512px\" \/> <strong>Correo: <\/strong><a href=\"mailto:info@ares-es.com\"> info@ares-es.com<\/a><\/p>\n\n\n\n<p><\/p>\n","protected":false},"excerpt":{"rendered":"<p>Estamos a tu disposici\u00f3n para hacer un presupuesto a tu medida que cumpla todas tus necesidades. No dudes en llamarnos. Te esperamos. Direcci\u00f3n: Calle Artesanos, 30 bajo 46970 &#8211; Alaqu\u00e1s &#8211; Valencia Telef\u00f3no: 600547361 \/ 600648091 Correo: info@ares-es.com<\/p>\n","protected":false},"author":1,"featured_media":0,"parent":0,"menu_order":0,"comment_status":"closed","ping_status":"closed","template":"","meta":[],"_links":{"self":[{"href":"https:\/\/ares-es.com\/index.php?rest_route=\/wp\/v2\/pages\/178"}],"collection":[{"href":"https:\/\/ares-es.com\/index.php?rest_route=\/wp\/v2\/pages"}],"about":[{"href":"https:\/\/ares-es.com\/index.php?rest_route=\/wp\/v2\/types\/page"}],"author":[{"embeddable":true,"href":"https:\/\/ares-es.com\/index.php?rest_route=\/wp\/v2\/users\/1"}],"replies":[{"embeddable":true,"href":"https:\/\/ares-es.com\/index.php?rest_route=%2Fwp%2Fv2%2Fcomments&post=178"}],"version-history":[{"count":7,"href":"https:\/\/ares-es.com\/index.php?rest_route=\/wp\/v2\/pages\/178\/revisions"}],"predecessor-version":[{"id":231,"href":"https:\/\/ares-es.com\/index.php?rest_route=\/wp\/v2\/pages\/178\/revisions\/231"}],"wp:attachment":[{"href":"https:\/\/ares-es.com\/index.php?rest_route=%2Fwp%2Fv2%2Fmedia&parent=178"}],"curies":[{"name":"wp","href":"https:\/\/api.w.org\/{rel}","templated":true}]}}