{"id":177,"date":"2020-02-13T14:00:59","date_gmt":"2020-02-13T12:00:59","guid":{"rendered":"http:\/\/ares-es.com\/web\/?page_id=177"},"modified":"2020-10-07T13:40:28","modified_gmt":"2020-10-07T11:40:28","slug":"metacrilato-corte-y-plegado","status":"publish","type":"page","link":"https:\/\/ares-es.com\/?page_id=177","title":{"rendered":"Metacrilato &#8211; Corte y grabado"},"content":{"rendered":"\n<div class=\"wp-block-image is-style-circle-mask\"><figure class=\"alignleft size-large is-resized\"><img loading=\"lazy\" src=\"https:\/\/ares-es.com\/wp-content\/uploads\/2020\/10\/IMG-20200305-WA0008-1024x768.jpg\" alt=\"\" class=\"wp-image-290\" width=\"244\" height=\"183\" srcset=\"https:\/\/ares-es.com\/wp-content\/uploads\/2020\/10\/IMG-20200305-WA0008-1024x768.jpg 1024w, https:\/\/ares-es.com\/wp-content\/uploads\/2020\/10\/IMG-20200305-WA0008-300x225.jpg 300w, https:\/\/ares-es.com\/wp-content\/uploads\/2020\/10\/IMG-20200305-WA0008-768x576.jpg 768w, https:\/\/ares-es.com\/wp-content\/uploads\/2020\/10\/IMG-20200305-WA0008-1536x1152.jpg 1536w, https:\/\/ares-es.com\/wp-content\/uploads\/2020\/10\/IMG-20200305-WA0008.jpg 2000w\" sizes=\"(max-width: 244px) 100vw, 244px\" \/><\/figure><\/div>\n\n\n\n<div class=\"wp-block-image is-style-circle-mask\"><figure class=\"alignleft size-large is-resized\"><img loading=\"lazy\" src=\"https:\/\/ares-es.com\/wp-content\/uploads\/2020\/10\/IMG-20200305-WA0005-1024x768.jpg\" alt=\"\" class=\"wp-image-293\" width=\"249\" height=\"186\" srcset=\"https:\/\/ares-es.com\/wp-content\/uploads\/2020\/10\/IMG-20200305-WA0005-1024x768.jpg 1024w, https:\/\/ares-es.com\/wp-content\/uploads\/2020\/10\/IMG-20200305-WA0005-300x225.jpg 300w, https:\/\/ares-es.com\/wp-content\/uploads\/2020\/10\/IMG-20200305-WA0005-768x576.jpg 768w, https:\/\/ares-es.com\/wp-content\/uploads\/2020\/10\/IMG-20200305-WA0005-1536x1152.jpg 1536w, https:\/\/ares-es.com\/wp-content\/uploads\/2020\/10\/IMG-20200305-WA0005.jpg 2000w\" sizes=\"(max-width: 249px) 100vw, 249px\" \/><\/figure><\/div>\n\n\n\n<div class=\"wp-block-image is-style-circle-mask\"><figure class=\"alignleft is-resized\"><img loading=\"lazy\" src=\"https:\/\/ares-es.com\/wp-content\/uploads\/2020\/10\/IMG-20200305-WA0004-1024x768.jpg\" alt=\"\" class=\"wp-image-295\" width=\"244\" height=\"182\" srcset=\"https:\/\/ares-es.com\/wp-content\/uploads\/2020\/10\/IMG-20200305-WA0004-1024x768.jpg 1024w, https:\/\/ares-es.com\/wp-content\/uploads\/2020\/10\/IMG-20200305-WA0004-300x225.jpg 300w, https:\/\/ares-es.com\/wp-content\/uploads\/2020\/10\/IMG-20200305-WA0004-768x576.jpg 768w, https:\/\/ares-es.com\/wp-content\/uploads\/2020\/10\/IMG-20200305-WA0004-1536x1152.jpg 1536w, https:\/\/ares-es.com\/wp-content\/uploads\/2020\/10\/IMG-20200305-WA0004.jpg 2000w\" sizes=\"(max-width: 244px) 100vw, 244px\" \/><\/figure><\/div>\n\n\n\n<div class=\"wp-block-image is-style-circle-mask\"><figure class=\"alignleft size-thumbnail is-resized\"><img loading=\"lazy\" src=\"https:\/\/ares-es.com\/wp-content\/uploads\/2020\/10\/IMG_20161219_113249-150x150.jpg\" alt=\"\" class=\"wp-image-303\" width=\"182\" height=\"182\"\/><\/figure><\/div>\n\n\n\n<div class=\"wp-container-1 wp-block-group\"><div class=\"wp-block-group__inner-container\">\n<hr class=\"wp-block-separator\"\/>\n<\/div><\/div>\n\n\n\n<hr class=\"wp-block-separator has-text-color has-background has-very-light-gray-background-color has-very-light-gray-color\"\/>\n\n\n\n<p><\/p>\n\n\n\n<p style=\"font-size:28px\" class=\"has-background has-text-align-center has-very-light-gray-background-color\">Expositores  &#8211;  Carteles  &#8211;  Displays  &#8211;  Trofeos<br>y todo lo que puedas imaginar<\/p>\n\n\n\n<p>Nuestras m\u00e1quinas l\u00e1ser nos permiten cortar y grabar en <strong>metacrilato, madera <\/strong>&#8230;. <br>Gracias a nuestras m\u00e1quinas podemos cortar el <strong>metacrilato <\/strong>en cualquier forma o figura dise\u00f1ada previamente, con gran precisi\u00f3n.<br>El <strong>corte por l\u00e1ser<\/strong> es la t\u00e9cnica m\u00e1s profesional para el corte del metacrilato, ya que cuando realiza el corte lo hace dejando los bordes pulidos. De esta forma podemos recortar piezas de metacrilato con precisi\u00f3n, con la forma que quieras y con r\u00e1pidez.<\/p>\n","protected":false},"excerpt":{"rendered":"<p>Expositores &#8211; Carteles &#8211; Displays &#8211; Trofeosy todo lo que puedas imaginar Nuestras m\u00e1quinas l\u00e1ser nos permiten cortar y grabar en metacrilato, madera &#8230;. Gracias a nuestras m\u00e1quinas podemos cortar el metacrilato en cualquier forma o figura dise\u00f1ada previamente, con gran precisi\u00f3n.El corte por l\u00e1ser es la t\u00e9cnica m\u00e1s profesional para el corte del metacrilato, &#8230; <a title=\"Metacrilato &#8211; Corte y grabado\" class=\"read-more\" href=\"https:\/\/ares-es.com\/?page_id=177\" aria-label=\"M\u00e1s en Metacrilato &#8211; Corte y grabado\">Leer m\u00e1s<\/a><\/p>\n","protected":false},"author":1,"featured_media":0,"parent":0,"menu_order":0,"comment_status":"closed","ping_status":"closed","template":"","meta":[],"_links":{"self":[{"href":"https:\/\/ares-es.com\/index.php?rest_route=\/wp\/v2\/pages\/177"}],"collection":[{"href":"https:\/\/ares-es.com\/index.php?rest_route=\/wp\/v2\/pages"}],"about":[{"href":"https:\/\/ares-es.com\/index.php?rest_route=\/wp\/v2\/types\/page"}],"author":[{"embeddable":true,"href":"https:\/\/ares-es.com\/index.php?rest_route=\/wp\/v2\/users\/1"}],"replies":[{"embeddable":true,"href":"https:\/\/ares-es.com\/index.php?rest_route=%2Fwp%2Fv2%2Fcomments&post=177"}],"version-history":[{"count":26,"href":"https:\/\/ares-es.com\/index.php?rest_route=\/wp\/v2\/pages\/177\/revisions"}],"predecessor-version":[{"id":349,"href":"https:\/\/ares-es.com\/index.php?rest_route=\/wp\/v2\/pages\/177\/revisions\/349"}],"wp:attachment":[{"href":"https:\/\/ares-es.com\/index.php?rest_route=%2Fwp%2Fv2%2Fmedia&parent=177"}],"curies":[{"name":"wp","href":"https:\/\/api.w.org\/{rel}","templated":true}]}}