{"id":175,"date":"2020-02-13T14:00:58","date_gmt":"2020-02-13T12:00:58","guid":{"rendered":"http:\/\/ares-es.com\/web\/?page_id=175"},"modified":"2020-02-14T11:17:39","modified_gmt":"2020-02-14T09:17:39","slug":"redes-sociales-2","status":"publish","type":"page","link":"https:\/\/ares-es.com\/?page_id=175","title":{"rendered":"Redes sociales"},"content":{"rendered":"\n<p style=\"background-color:#005f68\" class=\"has-text-color has-background has-medium-font-size has-very-light-gray-color\"> <strong>#NoTeQuedesAtras<\/strong><\/p>\n\n\n\n<p>Si quieres empezar a aprovechar la oportunidad que suponen las redes sociales para impulsar tu empresa,  si quieres llegar a tus clientes a trav\u00e9s de las redes sociales, como Facebook, Instagram o Twitter, pero no sabes  por d\u00f3nde empezar ni tienes tiempo para ponerte a ello, \u00a1no te preocupes!&nbsp;<br><strong>Deja que tu community manager lo haga por ti.<\/strong><\/p>\n\n\n\n<p> Posicionamiento SEO, Social Media, Gesti\u00f3n en redes sociales, Anal\u00edticas web, Nuevas tecnolog\u00edas para que su negocio no se quede atr\u00e1s. <\/p>\n\n\n\n<p><img loading=\"lazy\" width=\"512\" height=\"512\" class=\"wp-image-237\" style=\"width: 15px;\" src=\"http:\/\/ares-es.com\/web\/wp-content\/uploads\/2020\/02\/marca-de-verificacion.png\" alt=\"\" srcset=\"https:\/\/ares-es.com\/wp-content\/uploads\/2020\/02\/marca-de-verificacion.png 512w, https:\/\/ares-es.com\/wp-content\/uploads\/2020\/02\/marca-de-verificacion-150x150.png 150w, https:\/\/ares-es.com\/wp-content\/uploads\/2020\/02\/marca-de-verificacion-300x300.png 300w\" sizes=\"(max-width: 512px) 100vw, 512px\" \/>  Seguidores garantizados<br><br><img loading=\"lazy\" width=\"512\" height=\"512\" class=\"wp-image-237\" style=\"width: 15px;\" src=\"http:\/\/ares-es.com\/web\/wp-content\/uploads\/2020\/02\/marca-de-verificacion.png\" alt=\"\" srcset=\"https:\/\/ares-es.com\/wp-content\/uploads\/2020\/02\/marca-de-verificacion.png 512w, https:\/\/ares-es.com\/wp-content\/uploads\/2020\/02\/marca-de-verificacion-150x150.png 150w, https:\/\/ares-es.com\/wp-content\/uploads\/2020\/02\/marca-de-verificacion-300x300.png 300w\" sizes=\"(max-width: 512px) 100vw, 512px\" \/>  Publicaciones peri\u00f3dicas <br><br><img loading=\"lazy\" width=\"512\" height=\"512\" class=\"wp-image-237\" style=\"width: 15px;\" src=\"http:\/\/ares-es.com\/web\/wp-content\/uploads\/2020\/02\/marca-de-verificacion.png\" alt=\"\" srcset=\"https:\/\/ares-es.com\/wp-content\/uploads\/2020\/02\/marca-de-verificacion.png 512w, https:\/\/ares-es.com\/wp-content\/uploads\/2020\/02\/marca-de-verificacion-150x150.png 150w, https:\/\/ares-es.com\/wp-content\/uploads\/2020\/02\/marca-de-verificacion-300x300.png 300w\" sizes=\"(max-width: 512px) 100vw, 512px\" \/>  Sorteos y campa\u00f1as de Facebook <br><\/p>\n\n\n\n<div class=\"wp-block-image\"><figure class=\"aligncenter\"><img loading=\"lazy\" width=\"633\" height=\"225\" src=\"http:\/\/ares-es.com\/web\/wp-content\/uploads\/2020\/02\/community_manager.png\" alt=\"\" class=\"wp-image-246\" srcset=\"https:\/\/ares-es.com\/wp-content\/uploads\/2020\/02\/community_manager.png 633w, https:\/\/ares-es.com\/wp-content\/uploads\/2020\/02\/community_manager-300x107.png 300w\" sizes=\"(max-width: 633px) 100vw, 633px\" \/><\/figure><\/div>\n","protected":false},"excerpt":{"rendered":"<p>#NoTeQuedesAtras Si quieres empezar a aprovechar la oportunidad que suponen las redes sociales para impulsar tu empresa, si quieres llegar a tus clientes a trav\u00e9s de las redes sociales, como Facebook, Instagram o Twitter, pero no sabes por d\u00f3nde empezar ni tienes tiempo para ponerte a ello, \u00a1no te preocupes!&nbsp;Deja que tu community manager lo &#8230; <a title=\"Redes sociales\" class=\"read-more\" href=\"https:\/\/ares-es.com\/?page_id=175\" aria-label=\"M\u00e1s en Redes sociales\">Leer m\u00e1s<\/a><\/p>\n","protected":false},"author":1,"featured_media":136,"parent":0,"menu_order":0,"comment_status":"closed","ping_status":"closed","template":"","meta":[],"_links":{"self":[{"href":"https:\/\/ares-es.com\/index.php?rest_route=\/wp\/v2\/pages\/175"}],"collection":[{"href":"https:\/\/ares-es.com\/index.php?rest_route=\/wp\/v2\/pages"}],"about":[{"href":"https:\/\/ares-es.com\/index.php?rest_route=\/wp\/v2\/types\/page"}],"author":[{"embeddable":true,"href":"https:\/\/ares-es.com\/index.php?rest_route=\/wp\/v2\/users\/1"}],"replies":[{"embeddable":true,"href":"https:\/\/ares-es.com\/index.php?rest_route=%2Fwp%2Fv2%2Fcomments&post=175"}],"version-history":[{"count":4,"href":"https:\/\/ares-es.com\/index.php?rest_route=\/wp\/v2\/pages\/175\/revisions"}],"predecessor-version":[{"id":248,"href":"https:\/\/ares-es.com\/index.php?rest_route=\/wp\/v2\/pages\/175\/revisions\/248"}],"wp:featuredmedia":[{"embeddable":true,"href":"https:\/\/ares-es.com\/index.php?rest_route=\/wp\/v2\/media\/136"}],"wp:attachment":[{"href":"https:\/\/ares-es.com\/index.php?rest_route=%2Fwp%2Fv2%2Fmedia&parent=175"}],"curies":[{"name":"wp","href":"https:\/\/api.w.org\/{rel}","templated":true}]}}