{"id":174,"date":"2020-02-13T14:00:58","date_gmt":"2020-02-13T12:00:58","guid":{"rendered":"http:\/\/ares-es.com\/web\/?page_id=174"},"modified":"2020-02-14T10:47:14","modified_gmt":"2020-02-14T08:47:14","slug":"diseno-web","status":"publish","type":"page","link":"https:\/\/ares-es.com\/?page_id=174","title":{"rendered":"Dise\u00f1o web"},"content":{"rendered":"\n<p style=\"background-color:#005f68\" class=\"has-text-color has-background has-medium-font-size has-very-light-gray-color\"><strong>#AbreTuEspacio <\/strong><br>T\u00fa escaparate en Internet las 24 horas <\/p>\n\n\n\n<p style=\"text-align:left\">En ARES creamos para su empresa, de modo actual y creativo, su espacio en Internet. <br>Nuestras p\u00e1ginas combinan r\u00e1pidez y dise\u00f1o, gracias a la labor de nuestro equipo, con un departamento de inform\u00e1tica y el mejor servicio de publicidad. <br>M\u00e1s de 15 a\u00f1os de experiencia y con una formaci\u00f3n continua para adaptarnos a las nuevas necesidades del mercado y de nuestros clientes<\/p>\n\n\n\n<p><img loading=\"lazy\" width=\"512\" height=\"512\" class=\"wp-image-237\" style=\"width: 15px;\" src=\"http:\/\/ares-es.com\/web\/wp-content\/uploads\/2020\/02\/marca-de-verificacion.png\" alt=\"\" srcset=\"https:\/\/ares-es.com\/wp-content\/uploads\/2020\/02\/marca-de-verificacion.png 512w, https:\/\/ares-es.com\/wp-content\/uploads\/2020\/02\/marca-de-verificacion-150x150.png 150w, https:\/\/ares-es.com\/wp-content\/uploads\/2020\/02\/marca-de-verificacion-300x300.png 300w\" sizes=\"(max-width: 512px) 100vw, 512px\" \/>  Creamos un dise\u00f1o llamativo<br><br><img loading=\"lazy\" width=\"512\" height=\"512\" class=\"wp-image-237\" style=\"width: 15px;\" src=\"http:\/\/ares-es.com\/web\/wp-content\/uploads\/2020\/02\/marca-de-verificacion.png\" alt=\"\" srcset=\"https:\/\/ares-es.com\/wp-content\/uploads\/2020\/02\/marca-de-verificacion.png 512w, https:\/\/ares-es.com\/wp-content\/uploads\/2020\/02\/marca-de-verificacion-150x150.png 150w, https:\/\/ares-es.com\/wp-content\/uploads\/2020\/02\/marca-de-verificacion-300x300.png 300w\" sizes=\"(max-width: 512px) 100vw, 512px\" \/>  Navegaci\u00f3n simple<br><br><img loading=\"lazy\" width=\"512\" height=\"512\" class=\"wp-image-237\" style=\"width: 15px;\" src=\"http:\/\/ares-es.com\/web\/wp-content\/uploads\/2020\/02\/marca-de-verificacion.png\" alt=\"\" srcset=\"https:\/\/ares-es.com\/wp-content\/uploads\/2020\/02\/marca-de-verificacion.png 512w, https:\/\/ares-es.com\/wp-content\/uploads\/2020\/02\/marca-de-verificacion-150x150.png 150w, https:\/\/ares-es.com\/wp-content\/uploads\/2020\/02\/marca-de-verificacion-300x300.png 300w\" sizes=\"(max-width: 512px) 100vw, 512px\" \/>  Visible desde cualquier dispositivo<br><br><img loading=\"lazy\" width=\"512\" height=\"512\" class=\"wp-image-237\" style=\"width: 15px;\" src=\"http:\/\/ares-es.com\/web\/wp-content\/uploads\/2020\/02\/marca-de-verificacion.png\" alt=\"\" srcset=\"https:\/\/ares-es.com\/wp-content\/uploads\/2020\/02\/marca-de-verificacion.png 512w, https:\/\/ares-es.com\/wp-content\/uploads\/2020\/02\/marca-de-verificacion-150x150.png 150w, https:\/\/ares-es.com\/wp-content\/uploads\/2020\/02\/marca-de-verificacion-300x300.png 300w\" sizes=\"(max-width: 512px) 100vw, 512px\" \/>  Presentaci\u00f3n de bocetos <\/p>\n\n\n\n<p><br><\/p>\n","protected":false},"excerpt":{"rendered":"<p>#AbreTuEspacio T\u00fa escaparate en Internet las 24 horas En ARES creamos para su empresa, de modo actual y creativo, su espacio en Internet. Nuestras p\u00e1ginas combinan r\u00e1pidez y dise\u00f1o, gracias a la labor de nuestro equipo, con un departamento de inform\u00e1tica y el mejor servicio de publicidad. M\u00e1s de 15 a\u00f1os de experiencia y con &#8230; <a title=\"Dise\u00f1o web\" class=\"read-more\" href=\"https:\/\/ares-es.com\/?page_id=174\" aria-label=\"M\u00e1s en Dise\u00f1o web\">Leer m\u00e1s<\/a><\/p>\n","protected":false},"author":1,"featured_media":235,"parent":0,"menu_order":0,"comment_status":"closed","ping_status":"closed","template":"","meta":[],"_links":{"self":[{"href":"https:\/\/ares-es.com\/index.php?rest_route=\/wp\/v2\/pages\/174"}],"collection":[{"href":"https:\/\/ares-es.com\/index.php?rest_route=\/wp\/v2\/pages"}],"about":[{"href":"https:\/\/ares-es.com\/index.php?rest_route=\/wp\/v2\/types\/page"}],"author":[{"embeddable":true,"href":"https:\/\/ares-es.com\/index.php?rest_route=\/wp\/v2\/users\/1"}],"replies":[{"embeddable":true,"href":"https:\/\/ares-es.com\/index.php?rest_route=%2Fwp%2Fv2%2Fcomments&post=174"}],"version-history":[{"count":2,"href":"https:\/\/ares-es.com\/index.php?rest_route=\/wp\/v2\/pages\/174\/revisions"}],"predecessor-version":[{"id":238,"href":"https:\/\/ares-es.com\/index.php?rest_route=\/wp\/v2\/pages\/174\/revisions\/238"}],"wp:featuredmedia":[{"embeddable":true,"href":"https:\/\/ares-es.com\/index.php?rest_route=\/wp\/v2\/media\/235"}],"wp:attachment":[{"href":"https:\/\/ares-es.com\/index.php?rest_route=%2Fwp%2Fv2%2Fmedia&parent=174"}],"curies":[{"name":"wp","href":"https:\/\/api.w.org\/{rel}","templated":true}]}}