{"id":171,"date":"2020-02-13T14:00:58","date_gmt":"2020-02-13T12:00:58","guid":{"rendered":"http:\/\/ares-es.com\/web\/?page_id=171"},"modified":"2020-02-14T11:56:04","modified_gmt":"2020-02-14T09:56:04","slug":"material-informatico","status":"publish","type":"page","link":"https:\/\/ares-es.com\/?page_id=171","title":{"rendered":"Material Inform\u00e1tico"},"content":{"rendered":"\n<p style=\"background-color:#005f68\" class=\"has-text-color has-background has-medium-font-size has-very-light-gray-color\"><strong> #NoTeQuedesAtras. Invierte en software y hardware para mantener los equipos actualizados. <\/strong><\/p>\n\n\n\n<p> En Ares contamos con una amplia gama de productos inform\u00e1ticos, todos ellos de las mejores marcas y a unos precios competitivos.<br> Nuestros expertos inform\u00e1ticos le informaran de los mejores productos para montar <strong>el ordenador que mejor se adapte a sus necesidades.<\/strong> <\/p>\n\n\n\n<p><img loading=\"lazy\" width=\"512\" height=\"512\" class=\"wp-image-237\" style=\"width: 15px;\" src=\"http:\/\/ares-es.com\/web\/wp-content\/uploads\/2020\/02\/marca-de-verificacion.png\" alt=\"\" srcset=\"https:\/\/ares-es.com\/wp-content\/uploads\/2020\/02\/marca-de-verificacion.png 512w, https:\/\/ares-es.com\/wp-content\/uploads\/2020\/02\/marca-de-verificacion-150x150.png 150w, https:\/\/ares-es.com\/wp-content\/uploads\/2020\/02\/marca-de-verificacion-300x300.png 300w\" sizes=\"(max-width: 512px) 100vw, 512px\" \/>  <strong>MICROPROCESADORES INTEL<\/strong> de \u00faltima generaci\u00f3n <br><br><img loading=\"lazy\" width=\"512\" height=\"512\" class=\"wp-image-237\" style=\"width: 15px;\" src=\"http:\/\/ares-es.com\/web\/wp-content\/uploads\/2020\/02\/marca-de-verificacion.png\" alt=\"\" srcset=\"https:\/\/ares-es.com\/wp-content\/uploads\/2020\/02\/marca-de-verificacion.png 512w, https:\/\/ares-es.com\/wp-content\/uploads\/2020\/02\/marca-de-verificacion-150x150.png 150w, https:\/\/ares-es.com\/wp-content\/uploads\/2020\/02\/marca-de-verificacion-300x300.png 300w\" sizes=\"(max-width: 512px) 100vw, 512px\" \/>   MEMORIAS DIMM <br><br><img loading=\"lazy\" width=\"512\" height=\"512\" class=\"wp-image-237\" style=\"width: 15px;\" src=\"http:\/\/ares-es.com\/web\/wp-content\/uploads\/2020\/02\/marca-de-verificacion.png\" alt=\"\" srcset=\"https:\/\/ares-es.com\/wp-content\/uploads\/2020\/02\/marca-de-verificacion.png 512w, https:\/\/ares-es.com\/wp-content\/uploads\/2020\/02\/marca-de-verificacion-150x150.png 150w, https:\/\/ares-es.com\/wp-content\/uploads\/2020\/02\/marca-de-verificacion-300x300.png 300w\" sizes=\"(max-width: 512px) 100vw, 512px\" \/>   DISCOS DUROS <br><br><img loading=\"lazy\" width=\"512\" height=\"512\" class=\"wp-image-237\" style=\"width: 15px;\" src=\"http:\/\/ares-es.com\/web\/wp-content\/uploads\/2020\/02\/marca-de-verificacion.png\" alt=\"\" srcset=\"https:\/\/ares-es.com\/wp-content\/uploads\/2020\/02\/marca-de-verificacion.png 512w, https:\/\/ares-es.com\/wp-content\/uploads\/2020\/02\/marca-de-verificacion-150x150.png 150w, https:\/\/ares-es.com\/wp-content\/uploads\/2020\/02\/marca-de-verificacion-300x300.png 300w\" sizes=\"(max-width: 512px) 100vw, 512px\" \/>   TARJETAS GRAFICAS <br><br><img loading=\"lazy\" width=\"512\" height=\"512\" class=\"wp-image-237\" style=\"width: 15px;\" src=\"http:\/\/ares-es.com\/web\/wp-content\/uploads\/2020\/02\/marca-de-verificacion.png\" alt=\"\" srcset=\"https:\/\/ares-es.com\/wp-content\/uploads\/2020\/02\/marca-de-verificacion.png 512w, https:\/\/ares-es.com\/wp-content\/uploads\/2020\/02\/marca-de-verificacion-150x150.png 150w, https:\/\/ares-es.com\/wp-content\/uploads\/2020\/02\/marca-de-verificacion-300x300.png 300w\" sizes=\"(max-width: 512px) 100vw, 512px\" \/>   PLACAS BASE <br><br><img loading=\"lazy\" width=\"512\" height=\"512\" class=\"wp-image-237\" style=\"width: 15px;\" src=\"http:\/\/ares-es.com\/web\/wp-content\/uploads\/2020\/02\/marca-de-verificacion.png\" alt=\"\" srcset=\"https:\/\/ares-es.com\/wp-content\/uploads\/2020\/02\/marca-de-verificacion.png 512w, https:\/\/ares-es.com\/wp-content\/uploads\/2020\/02\/marca-de-verificacion-150x150.png 150w, https:\/\/ares-es.com\/wp-content\/uploads\/2020\/02\/marca-de-verificacion-300x300.png 300w\" sizes=\"(max-width: 512px) 100vw, 512px\" \/>   MONITORES, teclados y ratones<br><br><img loading=\"lazy\" width=\"512\" height=\"512\" class=\"wp-image-237\" style=\"width: 15px;\" src=\"http:\/\/ares-es.com\/web\/wp-content\/uploads\/2020\/02\/marca-de-verificacion.png\" alt=\"\" srcset=\"https:\/\/ares-es.com\/wp-content\/uploads\/2020\/02\/marca-de-verificacion.png 512w, https:\/\/ares-es.com\/wp-content\/uploads\/2020\/02\/marca-de-verificacion-150x150.png 150w, https:\/\/ares-es.com\/wp-content\/uploads\/2020\/02\/marca-de-verificacion-300x300.png 300w\" sizes=\"(max-width: 512px) 100vw, 512px\" \/>   IMPRESORAS Y ESCANERS <br><br> Tambi\u00e9n Ares te ofrece una gran variedad de port\u00e1tiles de las marcas m\u00e1s vendidas, entre ellas Toshiba, Sony, Acer, Fujitsu&#8230; <\/p>\n","protected":false},"excerpt":{"rendered":"<p>#NoTeQuedesAtras. Invierte en software y hardware para mantener los equipos actualizados. En Ares contamos con una amplia gama de productos inform\u00e1ticos, todos ellos de las mejores marcas y a unos precios competitivos. Nuestros expertos inform\u00e1ticos le informaran de los mejores productos para montar el ordenador que mejor se adapte a sus necesidades. MICROPROCESADORES INTEL de &#8230; <a title=\"Material Inform\u00e1tico\" class=\"read-more\" href=\"https:\/\/ares-es.com\/?page_id=171\" aria-label=\"M\u00e1s en Material Inform\u00e1tico\">Leer m\u00e1s<\/a><\/p>\n","protected":false},"author":1,"featured_media":137,"parent":0,"menu_order":0,"comment_status":"closed","ping_status":"closed","template":"","meta":[],"_links":{"self":[{"href":"https:\/\/ares-es.com\/index.php?rest_route=\/wp\/v2\/pages\/171"}],"collection":[{"href":"https:\/\/ares-es.com\/index.php?rest_route=\/wp\/v2\/pages"}],"about":[{"href":"https:\/\/ares-es.com\/index.php?rest_route=\/wp\/v2\/types\/page"}],"author":[{"embeddable":true,"href":"https:\/\/ares-es.com\/index.php?rest_route=\/wp\/v2\/users\/1"}],"replies":[{"embeddable":true,"href":"https:\/\/ares-es.com\/index.php?rest_route=%2Fwp%2Fv2%2Fcomments&post=171"}],"version-history":[{"count":3,"href":"https:\/\/ares-es.com\/index.php?rest_route=\/wp\/v2\/pages\/171\/revisions"}],"predecessor-version":[{"id":257,"href":"https:\/\/ares-es.com\/index.php?rest_route=\/wp\/v2\/pages\/171\/revisions\/257"}],"wp:featuredmedia":[{"embeddable":true,"href":"https:\/\/ares-es.com\/index.php?rest_route=\/wp\/v2\/media\/137"}],"wp:attachment":[{"href":"https:\/\/ares-es.com\/index.php?rest_route=%2Fwp%2Fv2%2Fmedia&parent=171"}],"curies":[{"name":"wp","href":"https:\/\/api.w.org\/{rel}","templated":true}]}}