{"id":169,"date":"2020-02-13T14:00:58","date_gmt":"2020-02-13T12:00:58","guid":{"rendered":"http:\/\/ares-es.com\/web\/?page_id=169"},"modified":"2020-02-14T11:25:38","modified_gmt":"2020-02-14T09:25:38","slug":"mantenimiento-informatico","status":"publish","type":"page","link":"https:\/\/ares-es.com\/?page_id=169","title":{"rendered":"Mantenimiento Inform\u00e1tico"},"content":{"rendered":"\n<p style=\"background-color:#005f68\" class=\"has-text-color has-background has-medium-font-size has-very-light-gray-color\"> #TeProtegemos para que disfrutes de la tranquilidad de  saber que tus equipos est\u00e1n en buenas manos  <\/p>\n\n\n\n<p>Este servicio incluye un <strong>mantenimiento b\u00e1sico y Copias de Seguridad<\/strong>, con una periodicidad quincenal, y resoluci\u00f3n de cualquier incidencia sin limite de horas. <br>Todo ello a un coste mensual fijo y con asignaci\u00f3n de personal cualificado con disponibilidad inmediata.<br>Se trata de la forma m\u00e1s segura y rentable para empresas.<br>Este mantenimiento cubre todos sus equipos inform\u00e1ticos tanto a nivel de Hadware como a nivel de Sistemas Operativos.<br>Atenci\u00f3n en un tiempo no superior a 24 horas, de  lunes a viernes, a partir de la recepci\u00f3n del incidente.<\/p>\n\n\n\n<p class=\"has-medium-font-size\"><strong> Backups Online y Onsite <\/strong><\/p>\n\n\n\n<p>Las  copias de seguridad son de gran  importancia para toda empresa que guarde informaci\u00f3n importante  en sus  ordenadores. Una p\u00e9rdida de datos, causada por ejemplo, por un fallo  de  corriente , un virus&#8230; puede ser recuperada mediante la restauraci\u00f3n  de la \u00faltima copia.<br>Este servicio garantiza la seguridad y confidencialidad de la informaci\u00f3n que posean las empresas.<\/p>\n\n\n\n<p class=\"has-medium-font-size\"> <strong>Todo lo que su empresa necesita para no perder el ritmo. <\/strong><\/p>\n","protected":false},"excerpt":{"rendered":"<p>#TeProtegemos para que disfrutes de la tranquilidad de saber que tus equipos est\u00e1n en buenas manos Este servicio incluye un mantenimiento b\u00e1sico y Copias de Seguridad, con una periodicidad quincenal, y resoluci\u00f3n de cualquier incidencia sin limite de horas. Todo ello a un coste mensual fijo y con asignaci\u00f3n de personal cualificado con disponibilidad inmediata.Se &#8230; <a title=\"Mantenimiento Inform\u00e1tico\" class=\"read-more\" href=\"https:\/\/ares-es.com\/?page_id=169\" aria-label=\"M\u00e1s en Mantenimiento Inform\u00e1tico\">Leer m\u00e1s<\/a><\/p>\n","protected":false},"author":1,"featured_media":137,"parent":0,"menu_order":0,"comment_status":"closed","ping_status":"closed","template":"","meta":[],"_links":{"self":[{"href":"https:\/\/ares-es.com\/index.php?rest_route=\/wp\/v2\/pages\/169"}],"collection":[{"href":"https:\/\/ares-es.com\/index.php?rest_route=\/wp\/v2\/pages"}],"about":[{"href":"https:\/\/ares-es.com\/index.php?rest_route=\/wp\/v2\/types\/page"}],"author":[{"embeddable":true,"href":"https:\/\/ares-es.com\/index.php?rest_route=\/wp\/v2\/users\/1"}],"replies":[{"embeddable":true,"href":"https:\/\/ares-es.com\/index.php?rest_route=%2Fwp%2Fv2%2Fcomments&post=169"}],"version-history":[{"count":3,"href":"https:\/\/ares-es.com\/index.php?rest_route=\/wp\/v2\/pages\/169\/revisions"}],"predecessor-version":[{"id":357,"href":"https:\/\/ares-es.com\/index.php?rest_route=\/wp\/v2\/pages\/169\/revisions\/357"}],"wp:featuredmedia":[{"embeddable":true,"href":"https:\/\/ares-es.com\/index.php?rest_route=\/wp\/v2\/media\/137"}],"wp:attachment":[{"href":"https:\/\/ares-es.com\/index.php?rest_route=%2Fwp%2Fv2%2Fmedia&parent=169"}],"curies":[{"name":"wp","href":"https:\/\/api.w.org\/{rel}","templated":true}]}}