{"id":168,"date":"2020-02-13T14:00:58","date_gmt":"2020-02-13T12:00:58","guid":{"rendered":"http:\/\/ares-es.com\/web\/?page_id=168"},"modified":"2021-03-25T13:11:46","modified_gmt":"2021-03-25T11:11:46","slug":"terminales-de-juego","status":"publish","type":"page","link":"https:\/\/ares-es.com\/?page_id=168","title":{"rendered":"Terminales de Juego"},"content":{"rendered":"\n<p>Dedicados desde hace m\u00e1s de cuatro a\u00f1os al montaje de <strong>m\u00e1quinas de bingo electr\u00f3nico para el juego<\/strong> en salas de bingo y salas de apuestas.<br><strong>Modelos personalizados de M\u00e1quinas de Juego bingo electr\u00f3nico:<\/strong> <\/p>\n\n\n\n<div class=\"wp-block-columns has-4-columns\">\n<div class=\"wp-block-column\">\n<p class=\"has-text-align-center has-very-light-gray-color has-text-color has-background\" style=\"background-color:#005f68\"><strong> Modelo Mijares:<\/strong><\/p>\n\n\n\n<p><img loading=\"lazy\" width=\"512\" height=\"512\" class=\"wp-image-237\" style=\"width: 15px;\" src=\"http:\/\/ares-es.com\/web\/wp-content\/uploads\/2020\/02\/marca-de-verificacion.png\" alt=\"\" srcset=\"https:\/\/ares-es.com\/wp-content\/uploads\/2020\/02\/marca-de-verificacion.png 512w, https:\/\/ares-es.com\/wp-content\/uploads\/2020\/02\/marca-de-verificacion-150x150.png 150w, https:\/\/ares-es.com\/wp-content\/uploads\/2020\/02\/marca-de-verificacion-300x300.png 300w\" sizes=\"(max-width: 512px) 100vw, 512px\" \/>  Chasis met\u00e1lico Mijares<br><img loading=\"lazy\" width=\"512\" height=\"512\" class=\"wp-image-237\" style=\"width: 15px;\" src=\"http:\/\/ares-es.com\/web\/wp-content\/uploads\/2020\/02\/marca-de-verificacion.png\" alt=\"\" srcset=\"https:\/\/ares-es.com\/wp-content\/uploads\/2020\/02\/marca-de-verificacion.png 512w, https:\/\/ares-es.com\/wp-content\/uploads\/2020\/02\/marca-de-verificacion-150x150.png 150w, https:\/\/ares-es.com\/wp-content\/uploads\/2020\/02\/marca-de-verificacion-300x300.png 300w\" sizes=\"(max-width: 512px) 100vw, 512px\" \/>  Metacrilato personalizado red de bingo<br><img loading=\"lazy\" width=\"512\" height=\"512\" class=\"wp-image-237\" style=\"width: 15px;\" src=\"http:\/\/ares-es.com\/web\/wp-content\/uploads\/2020\/02\/marca-de-verificacion.png\" alt=\"\" srcset=\"https:\/\/ares-es.com\/wp-content\/uploads\/2020\/02\/marca-de-verificacion.png 512w, https:\/\/ares-es.com\/wp-content\/uploads\/2020\/02\/marca-de-verificacion-150x150.png 150w, https:\/\/ares-es.com\/wp-content\/uploads\/2020\/02\/marca-de-verificacion-300x300.png 300w\" sizes=\"(max-width: 512px) 100vw, 512px\" \/>  Pantalla t\u00e1ctil 21,5&#8243; antiband\u00e1lica<br><img loading=\"lazy\" width=\"512\" height=\"512\" class=\"wp-image-237\" style=\"width: 15px;\" src=\"http:\/\/ares-es.com\/web\/wp-content\/uploads\/2020\/02\/marca-de-verificacion.png\" alt=\"\" srcset=\"https:\/\/ares-es.com\/wp-content\/uploads\/2020\/02\/marca-de-verificacion.png 512w, https:\/\/ares-es.com\/wp-content\/uploads\/2020\/02\/marca-de-verificacion-150x150.png 150w, https:\/\/ares-es.com\/wp-content\/uploads\/2020\/02\/marca-de-verificacion-300x300.png 300w\" sizes=\"(max-width: 512px) 100vw, 512px\" \/>  Procesador Intel<br><img loading=\"lazy\" width=\"512\" height=\"512\" class=\"wp-image-237\" style=\"width: 15px;\" src=\"http:\/\/ares-es.com\/web\/wp-content\/uploads\/2020\/02\/marca-de-verificacion.png\" alt=\"\" srcset=\"https:\/\/ares-es.com\/wp-content\/uploads\/2020\/02\/marca-de-verificacion.png 512w, https:\/\/ares-es.com\/wp-content\/uploads\/2020\/02\/marca-de-verificacion-150x150.png 150w, https:\/\/ares-es.com\/wp-content\/uploads\/2020\/02\/marca-de-verificacion-300x300.png 300w\" sizes=\"(max-width: 512px) 100vw, 512px\" \/>  Billetero con alarma anti robo<br><img loading=\"lazy\" width=\"512\" height=\"512\" class=\"wp-image-237\" style=\"width: 15px;\" src=\"http:\/\/ares-es.com\/web\/wp-content\/uploads\/2020\/02\/marca-de-verificacion.png\" alt=\"\" srcset=\"https:\/\/ares-es.com\/wp-content\/uploads\/2020\/02\/marca-de-verificacion.png 512w, https:\/\/ares-es.com\/wp-content\/uploads\/2020\/02\/marca-de-verificacion-150x150.png 150w, https:\/\/ares-es.com\/wp-content\/uploads\/2020\/02\/marca-de-verificacion-300x300.png 300w\" sizes=\"(max-width: 512px) 100vw, 512px\" \/>  Interruptor ON\/OFF con llave<br><img loading=\"lazy\" width=\"512\" height=\"512\" class=\"wp-image-237\" style=\"width: 15px;\" src=\"http:\/\/ares-es.com\/web\/wp-content\/uploads\/2020\/02\/marca-de-verificacion.png\" alt=\"\" srcset=\"https:\/\/ares-es.com\/wp-content\/uploads\/2020\/02\/marca-de-verificacion.png 512w, https:\/\/ares-es.com\/wp-content\/uploads\/2020\/02\/marca-de-verificacion-150x150.png 150w, https:\/\/ares-es.com\/wp-content\/uploads\/2020\/02\/marca-de-verificacion-300x300.png 300w\" sizes=\"(max-width: 512px) 100vw, 512px\" \/>  Cargador USB<br><img loading=\"lazy\" width=\"512\" height=\"512\" class=\"wp-image-237\" style=\"width: 15px;\" src=\"http:\/\/ares-es.com\/web\/wp-content\/uploads\/2020\/02\/marca-de-verificacion.png\" alt=\"\" srcset=\"https:\/\/ares-es.com\/wp-content\/uploads\/2020\/02\/marca-de-verificacion.png 512w, https:\/\/ares-es.com\/wp-content\/uploads\/2020\/02\/marca-de-verificacion-150x150.png 150w, https:\/\/ares-es.com\/wp-content\/uploads\/2020\/02\/marca-de-verificacion-300x300.png 300w\" sizes=\"(max-width: 512px) 100vw, 512px\" \/>  Baliza indicadora de estado<br>OPCIONAL: pupitre o mesa<\/p>\n<\/div>\n\n\n\n<div class=\"wp-block-column\">\n<p class=\"has-text-align-center has-very-light-gray-color has-text-color has-background\" style=\"background-color:#005f68\"><strong>Modelo Palancia:<\/strong><\/p>\n\n\n\n<p><img loading=\"lazy\" width=\"512\" height=\"512\" class=\"wp-image-237\" style=\"width: 15px;\" src=\"http:\/\/ares-es.com\/web\/wp-content\/uploads\/2020\/02\/marca-de-verificacion.png\" alt=\"\" srcset=\"https:\/\/ares-es.com\/wp-content\/uploads\/2020\/02\/marca-de-verificacion.png 512w, https:\/\/ares-es.com\/wp-content\/uploads\/2020\/02\/marca-de-verificacion-150x150.png 150w, https:\/\/ares-es.com\/wp-content\/uploads\/2020\/02\/marca-de-verificacion-300x300.png 300w\" sizes=\"(max-width: 512px) 100vw, 512px\" \/>  Chasis met\u00e1lico Palancia<br><img loading=\"lazy\" width=\"512\" height=\"512\" class=\"wp-image-237\" style=\"width: 15px;\" src=\"http:\/\/ares-es.com\/web\/wp-content\/uploads\/2020\/02\/marca-de-verificacion.png\" alt=\"\" srcset=\"https:\/\/ares-es.com\/wp-content\/uploads\/2020\/02\/marca-de-verificacion.png 512w, https:\/\/ares-es.com\/wp-content\/uploads\/2020\/02\/marca-de-verificacion-150x150.png 150w, https:\/\/ares-es.com\/wp-content\/uploads\/2020\/02\/marca-de-verificacion-300x300.png 300w\" sizes=\"(max-width: 512px) 100vw, 512px\" \/>  Metacrilato personalizado red de bingo<br><img loading=\"lazy\" width=\"512\" height=\"512\" class=\"wp-image-237\" style=\"width: 15px;\" src=\"http:\/\/ares-es.com\/web\/wp-content\/uploads\/2020\/02\/marca-de-verificacion.png\" alt=\"\" srcset=\"https:\/\/ares-es.com\/wp-content\/uploads\/2020\/02\/marca-de-verificacion.png 512w, https:\/\/ares-es.com\/wp-content\/uploads\/2020\/02\/marca-de-verificacion-150x150.png 150w, https:\/\/ares-es.com\/wp-content\/uploads\/2020\/02\/marca-de-verificacion-300x300.png 300w\" sizes=\"(max-width: 512px) 100vw, 512px\" \/>  Pantalla t\u00e1ctil 21,5&#8243; antiband\u00e1lica<br><img loading=\"lazy\" width=\"512\" height=\"512\" class=\"wp-image-237\" style=\"width: 15px;\" src=\"http:\/\/ares-es.com\/web\/wp-content\/uploads\/2020\/02\/marca-de-verificacion.png\" alt=\"\" srcset=\"https:\/\/ares-es.com\/wp-content\/uploads\/2020\/02\/marca-de-verificacion.png 512w, https:\/\/ares-es.com\/wp-content\/uploads\/2020\/02\/marca-de-verificacion-150x150.png 150w, https:\/\/ares-es.com\/wp-content\/uploads\/2020\/02\/marca-de-verificacion-300x300.png 300w\" sizes=\"(max-width: 512px) 100vw, 512px\" \/>  Procesador Intel<br><img loading=\"lazy\" width=\"512\" height=\"512\" class=\"wp-image-237\" style=\"width: 15px;\" src=\"http:\/\/ares-es.com\/web\/wp-content\/uploads\/2020\/02\/marca-de-verificacion.png\" alt=\"\" srcset=\"https:\/\/ares-es.com\/wp-content\/uploads\/2020\/02\/marca-de-verificacion.png 512w, https:\/\/ares-es.com\/wp-content\/uploads\/2020\/02\/marca-de-verificacion-150x150.png 150w, https:\/\/ares-es.com\/wp-content\/uploads\/2020\/02\/marca-de-verificacion-300x300.png 300w\" sizes=\"(max-width: 512px) 100vw, 512px\" \/>  Billetero con alarma anti robo<br><img loading=\"lazy\" width=\"512\" height=\"512\" class=\"wp-image-237\" style=\"width: 15px;\" src=\"http:\/\/ares-es.com\/web\/wp-content\/uploads\/2020\/02\/marca-de-verificacion.png\" alt=\"\" srcset=\"https:\/\/ares-es.com\/wp-content\/uploads\/2020\/02\/marca-de-verificacion.png 512w, https:\/\/ares-es.com\/wp-content\/uploads\/2020\/02\/marca-de-verificacion-150x150.png 150w, https:\/\/ares-es.com\/wp-content\/uploads\/2020\/02\/marca-de-verificacion-300x300.png 300w\" sizes=\"(max-width: 512px) 100vw, 512px\" \/>  Cargador USB<br><img loading=\"lazy\" width=\"512\" height=\"512\" class=\"wp-image-237\" style=\"width: 15px;\" src=\"http:\/\/ares-es.com\/web\/wp-content\/uploads\/2020\/02\/marca-de-verificacion.png\" alt=\"\" srcset=\"https:\/\/ares-es.com\/wp-content\/uploads\/2020\/02\/marca-de-verificacion.png 512w, https:\/\/ares-es.com\/wp-content\/uploads\/2020\/02\/marca-de-verificacion-150x150.png 150w, https:\/\/ares-es.com\/wp-content\/uploads\/2020\/02\/marca-de-verificacion-300x300.png 300w\" sizes=\"(max-width: 512px) 100vw, 512px\" \/>  Baliza indicadora de estado<br><\/p>\n<\/div>\n\n\n\n<div class=\"wp-block-column\">\n<p class=\"has-text-align-center has-very-light-gray-color has-text-color has-background\" style=\"background-color:#005f68\"><strong>Modelo Mart\u00edn:<\/strong><\/p>\n\n\n\n<p><img loading=\"lazy\" width=\"512\" height=\"512\" class=\"wp-image-237\" style=\"width: 15px;\" src=\"http:\/\/ares-es.com\/web\/wp-content\/uploads\/2020\/02\/marca-de-verificacion.png\" alt=\"\" srcset=\"https:\/\/ares-es.com\/wp-content\/uploads\/2020\/02\/marca-de-verificacion.png 512w, https:\/\/ares-es.com\/wp-content\/uploads\/2020\/02\/marca-de-verificacion-150x150.png 150w, https:\/\/ares-es.com\/wp-content\/uploads\/2020\/02\/marca-de-verificacion-300x300.png 300w\" sizes=\"(max-width: 512px) 100vw, 512px\" \/>  Chasis met\u00e1lico Palancia<br><img loading=\"lazy\" width=\"512\" height=\"512\" class=\"wp-image-237\" style=\"width: 15px;\" src=\"http:\/\/ares-es.com\/web\/wp-content\/uploads\/2020\/02\/marca-de-verificacion.png\" alt=\"\" srcset=\"https:\/\/ares-es.com\/wp-content\/uploads\/2020\/02\/marca-de-verificacion.png 512w, https:\/\/ares-es.com\/wp-content\/uploads\/2020\/02\/marca-de-verificacion-150x150.png 150w, https:\/\/ares-es.com\/wp-content\/uploads\/2020\/02\/marca-de-verificacion-300x300.png 300w\" sizes=\"(max-width: 512px) 100vw, 512px\" \/>  Metacrilato personalizado red de bingo<br><img loading=\"lazy\" width=\"512\" height=\"512\" class=\"wp-image-237\" style=\"width: 15px;\" src=\"http:\/\/ares-es.com\/web\/wp-content\/uploads\/2020\/02\/marca-de-verificacion.png\" alt=\"\" srcset=\"https:\/\/ares-es.com\/wp-content\/uploads\/2020\/02\/marca-de-verificacion.png 512w, https:\/\/ares-es.com\/wp-content\/uploads\/2020\/02\/marca-de-verificacion-150x150.png 150w, https:\/\/ares-es.com\/wp-content\/uploads\/2020\/02\/marca-de-verificacion-300x300.png 300w\" sizes=\"(max-width: 512px) 100vw, 512px\" \/>  Mesa de metacrilato con iluminaci\u00f3n LED<br><img loading=\"lazy\" width=\"512\" height=\"512\" class=\"wp-image-237\" style=\"width: 15px;\" src=\"http:\/\/ares-es.com\/web\/wp-content\/uploads\/2020\/02\/marca-de-verificacion.png\" alt=\"\" srcset=\"https:\/\/ares-es.com\/wp-content\/uploads\/2020\/02\/marca-de-verificacion.png 512w, https:\/\/ares-es.com\/wp-content\/uploads\/2020\/02\/marca-de-verificacion-150x150.png 150w, https:\/\/ares-es.com\/wp-content\/uploads\/2020\/02\/marca-de-verificacion-300x300.png 300w\" sizes=\"(max-width: 512px) 100vw, 512px\" \/>  Pantalla t\u00e1ctil 27&#8243; antiband\u00e1lica<br><img loading=\"lazy\" width=\"512\" height=\"512\" class=\"wp-image-237\" style=\"width: 15px;\" src=\"http:\/\/ares-es.com\/web\/wp-content\/uploads\/2020\/02\/marca-de-verificacion.png\" alt=\"\" srcset=\"https:\/\/ares-es.com\/wp-content\/uploads\/2020\/02\/marca-de-verificacion.png 512w, https:\/\/ares-es.com\/wp-content\/uploads\/2020\/02\/marca-de-verificacion-150x150.png 150w, https:\/\/ares-es.com\/wp-content\/uploads\/2020\/02\/marca-de-verificacion-300x300.png 300w\" sizes=\"(max-width: 512px) 100vw, 512px\" \/>  Procesador Intel<br><img loading=\"lazy\" width=\"512\" height=\"512\" class=\"wp-image-237\" style=\"width: 15px;\" src=\"http:\/\/ares-es.com\/web\/wp-content\/uploads\/2020\/02\/marca-de-verificacion.png\" alt=\"\" srcset=\"https:\/\/ares-es.com\/wp-content\/uploads\/2020\/02\/marca-de-verificacion.png 512w, https:\/\/ares-es.com\/wp-content\/uploads\/2020\/02\/marca-de-verificacion-150x150.png 150w, https:\/\/ares-es.com\/wp-content\/uploads\/2020\/02\/marca-de-verificacion-300x300.png 300w\" sizes=\"(max-width: 512px) 100vw, 512px\" \/>  Billetero con alarma anti robo<br><img loading=\"lazy\" width=\"512\" height=\"512\" class=\"wp-image-237\" style=\"width: 15px;\" src=\"http:\/\/ares-es.com\/web\/wp-content\/uploads\/2020\/02\/marca-de-verificacion.png\" alt=\"\" srcset=\"https:\/\/ares-es.com\/wp-content\/uploads\/2020\/02\/marca-de-verificacion.png 512w, https:\/\/ares-es.com\/wp-content\/uploads\/2020\/02\/marca-de-verificacion-150x150.png 150w, https:\/\/ares-es.com\/wp-content\/uploads\/2020\/02\/marca-de-verificacion-300x300.png 300w\" sizes=\"(max-width: 512px) 100vw, 512px\" \/>  Cargador USB<br><img loading=\"lazy\" width=\"512\" height=\"512\" class=\"wp-image-237\" style=\"width: 15px;\" src=\"http:\/\/ares-es.com\/web\/wp-content\/uploads\/2020\/02\/marca-de-verificacion.png\" alt=\"\" srcset=\"https:\/\/ares-es.com\/wp-content\/uploads\/2020\/02\/marca-de-verificacion.png 512w, https:\/\/ares-es.com\/wp-content\/uploads\/2020\/02\/marca-de-verificacion-150x150.png 150w, https:\/\/ares-es.com\/wp-content\/uploads\/2020\/02\/marca-de-verificacion-300x300.png 300w\" sizes=\"(max-width: 512px) 100vw, 512px\" \/>  Baliza indicadora de estado<br><\/p>\n\n\n\n<p><\/p>\n<\/div>\n\n\n\n<div class=\"wp-block-column\">\n<p class=\"has-text-align-center has-very-light-gray-color has-text-color has-background\" style=\"background-color:#005f68\"><strong>Modelo Albaida: <\/strong><\/p>\n\n\n\n<p><img loading=\"lazy\" width=\"512\" height=\"512\" class=\"wp-image-237\" style=\"width: 15px;\" src=\"http:\/\/ares-es.com\/web\/wp-content\/uploads\/2020\/02\/marca-de-verificacion.png\" alt=\"\" srcset=\"https:\/\/ares-es.com\/wp-content\/uploads\/2020\/02\/marca-de-verificacion.png 512w, https:\/\/ares-es.com\/wp-content\/uploads\/2020\/02\/marca-de-verificacion-150x150.png 150w, https:\/\/ares-es.com\/wp-content\/uploads\/2020\/02\/marca-de-verificacion-300x300.png 300w\" sizes=\"(max-width: 512px) 100vw, 512px\" \/>  Chasis met\u00e1lico Palancia<br><img loading=\"lazy\" width=\"512\" height=\"512\" class=\"wp-image-237\" style=\"width: 15px;\" src=\"http:\/\/ares-es.com\/web\/wp-content\/uploads\/2020\/02\/marca-de-verificacion.png\" alt=\"\" srcset=\"https:\/\/ares-es.com\/wp-content\/uploads\/2020\/02\/marca-de-verificacion.png 512w, https:\/\/ares-es.com\/wp-content\/uploads\/2020\/02\/marca-de-verificacion-150x150.png 150w, https:\/\/ares-es.com\/wp-content\/uploads\/2020\/02\/marca-de-verificacion-300x300.png 300w\" sizes=\"(max-width: 512px) 100vw, 512px\" \/>  Metacrilato personalizado red de bingo<br><img loading=\"lazy\" width=\"512\" height=\"512\" class=\"wp-image-237\" style=\"width: 15px;\" src=\"http:\/\/ares-es.com\/web\/wp-content\/uploads\/2020\/02\/marca-de-verificacion.png\" alt=\"\" srcset=\"https:\/\/ares-es.com\/wp-content\/uploads\/2020\/02\/marca-de-verificacion.png 512w, https:\/\/ares-es.com\/wp-content\/uploads\/2020\/02\/marca-de-verificacion-150x150.png 150w, https:\/\/ares-es.com\/wp-content\/uploads\/2020\/02\/marca-de-verificacion-300x300.png 300w\" sizes=\"(max-width: 512px) 100vw, 512px\" \/>  Mesa de metacrilato con iluminaci\u00f3n LED<br><img loading=\"lazy\" width=\"512\" height=\"512\" class=\"wp-image-237\" style=\"width: 15px;\" src=\"http:\/\/ares-es.com\/web\/wp-content\/uploads\/2020\/02\/marca-de-verificacion.png\" alt=\"\" srcset=\"https:\/\/ares-es.com\/wp-content\/uploads\/2020\/02\/marca-de-verificacion.png 512w, https:\/\/ares-es.com\/wp-content\/uploads\/2020\/02\/marca-de-verificacion-150x150.png 150w, https:\/\/ares-es.com\/wp-content\/uploads\/2020\/02\/marca-de-verificacion-300x300.png 300w\" sizes=\"(max-width: 512px) 100vw, 512px\" \/>  Pantalla t\u00e1ctil 21,5&#8243; antiband\u00e1lica<br><img loading=\"lazy\" width=\"512\" height=\"512\" class=\"wp-image-237\" style=\"width: 15px;\" src=\"http:\/\/ares-es.com\/web\/wp-content\/uploads\/2020\/02\/marca-de-verificacion.png\" alt=\"\" srcset=\"https:\/\/ares-es.com\/wp-content\/uploads\/2020\/02\/marca-de-verificacion.png 512w, https:\/\/ares-es.com\/wp-content\/uploads\/2020\/02\/marca-de-verificacion-150x150.png 150w, https:\/\/ares-es.com\/wp-content\/uploads\/2020\/02\/marca-de-verificacion-300x300.png 300w\" sizes=\"(max-width: 512px) 100vw, 512px\" \/>  Procesador Intel<br><img loading=\"lazy\" width=\"512\" height=\"512\" class=\"wp-image-237\" style=\"width: 15px;\" src=\"http:\/\/ares-es.com\/web\/wp-content\/uploads\/2020\/02\/marca-de-verificacion.png\" alt=\"\" srcset=\"https:\/\/ares-es.com\/wp-content\/uploads\/2020\/02\/marca-de-verificacion.png 512w, https:\/\/ares-es.com\/wp-content\/uploads\/2020\/02\/marca-de-verificacion-150x150.png 150w, https:\/\/ares-es.com\/wp-content\/uploads\/2020\/02\/marca-de-verificacion-300x300.png 300w\" sizes=\"(max-width: 512px) 100vw, 512px\" \/>  Billetero con alarma anti robo<br><img loading=\"lazy\" width=\"512\" height=\"512\" class=\"wp-image-237\" style=\"width: 15px;\" src=\"http:\/\/ares-es.com\/web\/wp-content\/uploads\/2020\/02\/marca-de-verificacion.png\" alt=\"\" srcset=\"https:\/\/ares-es.com\/wp-content\/uploads\/2020\/02\/marca-de-verificacion.png 512w, https:\/\/ares-es.com\/wp-content\/uploads\/2020\/02\/marca-de-verificacion-150x150.png 150w, https:\/\/ares-es.com\/wp-content\/uploads\/2020\/02\/marca-de-verificacion-300x300.png 300w\" sizes=\"(max-width: 512px) 100vw, 512px\" \/>  Cargador USB<br><img loading=\"lazy\" width=\"512\" height=\"512\" class=\"wp-image-237\" style=\"width: 15px;\" src=\"http:\/\/ares-es.com\/web\/wp-content\/uploads\/2020\/02\/marca-de-verificacion.png\" alt=\"\" srcset=\"https:\/\/ares-es.com\/wp-content\/uploads\/2020\/02\/marca-de-verificacion.png 512w, https:\/\/ares-es.com\/wp-content\/uploads\/2020\/02\/marca-de-verificacion-150x150.png 150w, https:\/\/ares-es.com\/wp-content\/uploads\/2020\/02\/marca-de-verificacion-300x300.png 300w\" sizes=\"(max-width: 512px) 100vw, 512px\" \/>  Baliza indicadora de estado<br><\/p>\n\n\n\n<p><\/p>\n<\/div>\n<\/div>\n\n\n\n<div class=\"wp-block-columns has-4-columns\">\n<div class=\"wp-block-column\">\n<div class=\"wp-block-button\"><a class=\"wp-block-button__link\">Ficha t\u00e9cnica<\/a><\/div>\n<\/div>\n\n\n\n<div class=\"wp-block-column\">\n<div class=\"wp-block-button\"><a class=\"wp-block-button__link\" href=\"\">Ficha t\u00e9cnica<\/a><\/div>\n<\/div>\n\n\n\n<div class=\"wp-block-column\">\n<div class=\"wp-block-button\"><a class=\"wp-block-button__link\">Ficha t\u00e9cnica<\/a><\/div>\n<\/div>\n\n\n\n<div class=\"wp-block-column\">\n<div class=\"wp-block-button\"><a class=\"wp-block-button__link\">Ficha t\u00e9cnica<\/a><\/div>\n<\/div>\n<\/div>\n\n\n\n<figure class=\"wp-block-gallery columns-4\"><ul class=\"blocks-gallery-grid\"><li class=\"blocks-gallery-item\"><figure><img loading=\"lazy\" width=\"300\" height=\"233\" src=\"https:\/\/ares-es.com\/wp-content\/uploads\/2020\/02\/mijares-300x233.jpg\" alt=\"bingo electronico\" data-id=\"141\" data-full-url=\"https:\/\/ares-es.com\/wp-content\/uploads\/2020\/02\/mijares.jpg\" data-link=\"https:\/\/ares-es.com\/?attachment_id=141\" class=\"wp-image-141\" srcset=\"https:\/\/ares-es.com\/wp-content\/uploads\/2020\/02\/mijares-300x233.jpg 300w, https:\/\/ares-es.com\/wp-content\/uploads\/2020\/02\/mijares-768x597.jpg 768w, https:\/\/ares-es.com\/wp-content\/uploads\/2020\/02\/mijares-1024x796.jpg 1024w, https:\/\/ares-es.com\/wp-content\/uploads\/2020\/02\/mijares.jpg 1212w\" sizes=\"(max-width: 300px) 100vw, 300px\" \/><figcaption class=\"blocks-gallery-item__caption\">Modelo Mijares<\/figcaption><\/figure><\/li><li class=\"blocks-gallery-item\"><figure><img loading=\"lazy\" width=\"300\" height=\"259\" src=\"https:\/\/ares-es.com\/wp-content\/uploads\/2020\/02\/palancia-web-300x259.jpg\" alt=\"\" data-id=\"143\" data-full-url=\"https:\/\/ares-es.com\/wp-content\/uploads\/2020\/02\/palancia-web.jpg\" data-link=\"https:\/\/ares-es.com\/?attachment_id=143\" class=\"wp-image-143\" srcset=\"https:\/\/ares-es.com\/wp-content\/uploads\/2020\/02\/palancia-web-300x259.jpg 300w, https:\/\/ares-es.com\/wp-content\/uploads\/2020\/02\/palancia-web-768x662.jpg 768w, https:\/\/ares-es.com\/wp-content\/uploads\/2020\/02\/palancia-web-1024x882.jpg 1024w, https:\/\/ares-es.com\/wp-content\/uploads\/2020\/02\/palancia-web.jpg 1547w\" sizes=\"(max-width: 300px) 100vw, 300px\" \/><figcaption class=\"blocks-gallery-item__caption\">Modelo Palancia<\/figcaption><\/figure><\/li><li class=\"blocks-gallery-item\"><figure><img loading=\"lazy\" width=\"172\" height=\"300\" src=\"https:\/\/ares-es.com\/wp-content\/uploads\/2020\/02\/martin-web-172x300.jpg\" alt=\"\" data-id=\"144\" data-full-url=\"https:\/\/ares-es.com\/wp-content\/uploads\/2020\/02\/martin-web.jpg\" data-link=\"https:\/\/ares-es.com\/?attachment_id=144\" class=\"wp-image-144\" srcset=\"https:\/\/ares-es.com\/wp-content\/uploads\/2020\/02\/martin-web-172x300.jpg 172w, https:\/\/ares-es.com\/wp-content\/uploads\/2020\/02\/martin-web-768x1340.jpg 768w, https:\/\/ares-es.com\/wp-content\/uploads\/2020\/02\/martin-web-587x1024.jpg 587w, https:\/\/ares-es.com\/wp-content\/uploads\/2020\/02\/martin-web.jpg 1019w\" sizes=\"(max-width: 172px) 100vw, 172px\" \/><figcaption class=\"blocks-gallery-item__caption\">Modelo Mart\u00edn<\/figcaption><\/figure><\/li><li class=\"blocks-gallery-item\"><figure><img loading=\"lazy\" width=\"126\" height=\"300\" src=\"https:\/\/ares-es.com\/wp-content\/uploads\/2020\/02\/albaida-126x300.jpg\" alt=\"\" data-id=\"145\" data-full-url=\"https:\/\/ares-es.com\/wp-content\/uploads\/2020\/02\/albaida.jpg\" data-link=\"https:\/\/ares-es.com\/?attachment_id=145\" class=\"wp-image-145\" srcset=\"https:\/\/ares-es.com\/wp-content\/uploads\/2020\/02\/albaida-126x300.jpg 126w, https:\/\/ares-es.com\/wp-content\/uploads\/2020\/02\/albaida-768x1823.jpg 768w, https:\/\/ares-es.com\/wp-content\/uploads\/2020\/02\/albaida-431x1024.jpg 431w, https:\/\/ares-es.com\/wp-content\/uploads\/2020\/02\/albaida.jpg 1264w\" sizes=\"(max-width: 126px) 100vw, 126px\" \/><figcaption class=\"blocks-gallery-item__caption\">Modelo Albaida<\/figcaption><\/figure><\/li><\/ul><\/figure>\n","protected":false},"excerpt":{"rendered":"<p>Dedicados desde hace m\u00e1s de cuatro a\u00f1os al montaje de m\u00e1quinas de bingo electr\u00f3nico para el juego en salas de bingo y salas de apuestas.Modelos personalizados de M\u00e1quinas de Juego bingo electr\u00f3nico: Modelo Mijares: Chasis met\u00e1lico Mijares Metacrilato personalizado red de bingo Pantalla t\u00e1ctil 21,5&#8243; antiband\u00e1lica Procesador Intel Billetero con alarma anti robo Interruptor ON\/OFF &#8230; <a title=\"Terminales de Juego\" class=\"read-more\" href=\"https:\/\/ares-es.com\/?page_id=168\" aria-label=\"M\u00e1s en Terminales de Juego\">Leer m\u00e1s<\/a><\/p>\n","protected":false},"author":1,"featured_media":122,"parent":0,"menu_order":0,"comment_status":"closed","ping_status":"closed","template":"","meta":[],"_links":{"self":[{"href":"https:\/\/ares-es.com\/index.php?rest_route=\/wp\/v2\/pages\/168"}],"collection":[{"href":"https:\/\/ares-es.com\/index.php?rest_route=\/wp\/v2\/pages"}],"about":[{"href":"https:\/\/ares-es.com\/index.php?rest_route=\/wp\/v2\/types\/page"}],"author":[{"embeddable":true,"href":"https:\/\/ares-es.com\/index.php?rest_route=\/wp\/v2\/users\/1"}],"replies":[{"embeddable":true,"href":"https:\/\/ares-es.com\/index.php?rest_route=%2Fwp%2Fv2%2Fcomments&post=168"}],"version-history":[{"count":14,"href":"https:\/\/ares-es.com\/index.php?rest_route=\/wp\/v2\/pages\/168\/revisions"}],"predecessor-version":[{"id":400,"href":"https:\/\/ares-es.com\/index.php?rest_route=\/wp\/v2\/pages\/168\/revisions\/400"}],"wp:featuredmedia":[{"embeddable":true,"href":"https:\/\/ares-es.com\/index.php?rest_route=\/wp\/v2\/media\/122"}],"wp:attachment":[{"href":"https:\/\/ares-es.com\/index.php?rest_route=%2Fwp%2Fv2%2Fmedia&parent=168"}],"curies":[{"name":"wp","href":"https:\/\/api.w.org\/{rel}","templated":true}]}}